{"id":259,"date":"2025-07-07T18:28:41","date_gmt":"2025-07-07T18:28:41","guid":{"rendered":"https:\/\/hylleholtfamiliehus.net\/staging\/?page_id=259"},"modified":"2025-07-19T12:19:59","modified_gmt":"2025-07-19T12:19:59","slug":"259-2","status":"publish","type":"page","link":"https:\/\/hylleholtfamiliehus.net\/index.php\/259-2\/","title":{"rendered":"Tilsyn"},"content":{"rendered":"<p>[et_pb_section fb_built=&#8221;1&#8243; custom_padding_last_edited=&#8221;on|phone&#8221; _builder_version=&#8221;4.27.4&#8243; _module_preset=&#8221;35fd4c09-f23a-4848-b105-8ecb4e15a0ea&#8221; z_index=&#8221;500&#8243; custom_margin=&#8221;100px||-20px||false|false&#8221; custom_padding=&#8221;|60px|0px|60px|false|true&#8221; custom_padding_tablet=&#8221;100px|20px||20px|false|true&#8221; custom_padding_phone=&#8221;150px|20px||20px|false|true&#8221; hover_enabled=&#8221;0&#8243; border_radii=&#8221;off|||20px|20px&#8221; global_colors_info=&#8221;{}&#8221; custom_margin_last_edited=&#8221;on|phone&#8221; sticky_enabled=&#8221;0&#8243; custom_margin_tablet=&#8221;0px||||false|false&#8221; custom_margin_phone=&#8221;0px||||false|false&#8221;][et_pb_row column_structure=&#8221;3_5,2_5&#8243; use_custom_gutter=&#8221;on&#8221; _builder_version=&#8221;4.27.4&#8243; _module_preset=&#8221;3bf6d938-32ee-4b37-bd38-8a66520f6e40&#8243; custom_padding=&#8221;0px|60px|0px|60px|false|true&#8221; custom_padding_tablet=&#8221;0px|0px|100px|0px|false|true&#8221; custom_padding_phone=&#8221;0px|0px|60px|0px|false|true&#8221; global_colors_info=&#8221;{}&#8221;][et_pb_column type=&#8221;3_5&#8243; _builder_version=&#8221;4.27.4&#8243; _module_preset=&#8221;31b7e4de-9ba6-49f1-b5ef-8a3b0819bde8&#8243; custom_padding=&#8221;60px|0px|60px|0px|true|true&#8221; global_colors_info=&#8221;{}&#8221;][et_pb_heading title=&#8221;Tilsyn&#8221; _builder_version=&#8221;4.27.4&#8243; _module_preset=&#8221;ef749395-3e02-4abc-95f9-1c402aa86451&#8243; title_level=&#8221;h1&#8243; title_font=&#8221;&#8211;et_global_heading_font|600|||||||&#8221; title_text_align=&#8221;left&#8221; title_font_size=&#8221;50px&#8221; custom_margin=&#8221;0px||0px||false|false&#8221; custom_margin_tablet=&#8221;||50px||false|false&#8221; custom_margin_phone=&#8221;50px||||false|false&#8221; custom_margin_last_edited=&#8221;on|desktop&#8221; global_colors_info=&#8221;{}&#8221;][\/et_pb_heading][et_pb_text _builder_version=&#8221;4.27.4&#8243; _module_preset=&#8221;1fb9a708-e920-4a95-9f5d-b812255e9800&#8243; custom_margin=&#8221;42px|||||&#8221; custom_padding=&#8221;||4px|||&#8221; global_colors_info=&#8221;{}&#8221;]<\/p>\n<p data-start=\"125\" data-end=\"322\">Hylleholt Familiehus er godkendt efter \u00a7\u00a7 107 og 66, stk. 1, nr. 6 i lov om Social Service. Socialtilsyn \u00d8st f\u00f8rer l\u00f8bende b\u00e5de anmeldte og uanmeldte tilsyn for at sikre kvaliteten af vores tilbud.<\/p>\n<p data-start=\"324\" data-end=\"360\"><strong data-start=\"324\" data-end=\"360\">Socialtilsynets vurdering lyder:<\/strong><\/p>\n<p data-start=\"324\" data-end=\"360\"><strong data-start=\"324\" data-end=\"360\"><\/strong><\/p>\n<ul data-start=\"362\" data-end=\"1114\">\n<li data-start=\"362\" data-end=\"611\">\n<p data-start=\"364\" data-end=\"611\">Hylleholt Familiehus opfylder samlet set kravene for godkendelse i henhold til \u00a7\u00a7 6 og 12-18 i Lov om Socialtilsyn. Tilbuddet forventes dermed at levere en indsats, der lever op til lovens form\u00e5l og sikrer borgerne relevant og kvalificeret st\u00f8tte.<\/p>\n<\/li>\n<\/ul>\n<p>&nbsp;<\/p>\n<ul data-start=\"362\" data-end=\"1114\">\n<li data-start=\"613\" data-end=\"803\">\n<p data-start=\"615\" data-end=\"803\">Tilbuddet arbejder m\u00e5lrettet med kompetenceudvikling for at fastholde og udvikle personalets faglighed. Dette sikrer en h\u00f8j kvalitet i det p\u00e6dagogiske arbejde, tilpasset m\u00e5lgruppens behov.<\/p>\n<\/li>\n<\/ul>\n<p>&nbsp;<\/p>\n<ul data-start=\"362\" data-end=\"1114\">\n<li data-start=\"805\" data-end=\"976\">\n<p data-start=\"807\" data-end=\"976\">Hylleholt Familiehus opererer med en klart defineret m\u00e5lgruppe og anvender evidensbaserede metoder og faglige tilgange, som im\u00f8dekommer m\u00e5lgruppens s\u00e6rlige udfordringer.<\/p>\n<\/li>\n<\/ul>\n<p>&nbsp;<\/p>\n<ul data-start=\"362\" data-end=\"1114\">\n<li data-start=\"978\" data-end=\"1114\">\n<p data-start=\"980\" data-end=\"1114\">Borgerne oplever udvikling og trivsel, tilpasset deres individuelle foruds\u00e6tninger og behov, gennem indsatsen p\u00e5 Hylleholt Familiehus.<\/p>\n<\/li>\n<\/ul>\n<p>[\/et_pb_text][\/et_pb_column][et_pb_column type=&#8221;2_5&#8243; _builder_version=&#8221;4.27.4&#8243; _module_preset=&#8221;31b7e4de-9ba6-49f1-b5ef-8a3b0819bde8&#8243; background_color=&#8221;#C9DCF2&#8243; custom_padding=&#8221;40px|40px|40px|40px|true|true&#8221; custom_padding_tablet=&#8221;40px||40px||true|true&#8221; custom_padding_phone=&#8221;20px|20px|20px|20px|true|true&#8221; custom_padding_last_edited=&#8221;on|phone&#8221; border_radii=&#8221;on|20px|20px|20px|20px&#8221; global_colors_info=&#8221;{}&#8221;][et_pb_heading title=&#8221;Tidligere tilsynsrapporter kan tilg\u00e5s nedenfor&#8221; _builder_version=&#8221;4.27.4&#8243; _module_preset=&#8221;default&#8221; title_font=&#8221;&#8211;et_global_heading_font|600|||||||&#8221; title_font_size=&#8221;31px&#8221; global_colors_info=&#8221;{}&#8221;][\/et_pb_heading][et_pb_button button_url=&#8221;https:\/\/hylleholtfamiliehus.net\/wp-content\/uploads\/2024\/06\/Driftsorienteret-tilsyn-endelig-version-2024.pdf&#8221; button_text=&#8221;Tilsynsrapport 2024&#8243; _builder_version=&#8221;4.27.4&#8243; _module_preset=&#8221;c23677cd-b3f3-4697-917d-c779dcbb3621&#8243; button_icon=&#8221;&#xe092;||divi||400&#8243; global_colors_info=&#8221;{}&#8221;][\/et_pb_button][et_pb_button button_url=&#8221;https:\/\/hylleholtfamiliehus.net\/wp-content\/uploads\/2023\/12\/Afslutning_af_tilsyn.pdf&#8221; button_text=&#8221;Afslutning af tilsyn 2023&#8243; _builder_version=&#8221;4.27.4&#8243; _module_preset=&#8221;c23677cd-b3f3-4697-917d-c779dcbb3621&#8243; button_icon=&#8221;&#xe092;||divi||400&#8243; global_colors_info=&#8221;{}&#8221;][\/et_pb_button][et_pb_button button_url=&#8221;https:\/\/hylleholtfamiliehus.net\/wp-content\/uploads\/2023\/12\/Driftsorienteret_tilsyn_endelig_version_2023.pdf&#8221; button_text=&#8221;Tilsynsrapport 2023&#8243; _builder_version=&#8221;4.27.4&#8243; _module_preset=&#8221;c23677cd-b3f3-4697-917d-c779dcbb3621&#8243; button_icon=&#8221;&#xe092;||divi||400&#8243; global_colors_info=&#8221;{}&#8221;][\/et_pb_button][et_pb_button button_url=&#8221;https:\/\/hylleholtfamiliehus.net\/wp-content\/uploads\/2023\/03\/Driftsorienteret_tilsyn_hoeringsrapport_2022.pdf&#8221; button_text=&#8221;Tilsynsrapport 2022&#8243; _builder_version=&#8221;4.27.4&#8243; _module_preset=&#8221;c23677cd-b3f3-4697-917d-c779dcbb3621&#8243; button_icon=&#8221;&#xe092;||divi||400&#8243; global_colors_info=&#8221;{}&#8221;][\/et_pb_button][\/et_pb_column][\/et_pb_row][\/et_pb_section][et_pb_section fb_built=&#8221;1&#8243; _builder_version=&#8221;4.27.4&#8243; _module_preset=&#8221;default&#8221; background_color=&#8221;#E4F2C9&#8243; global_colors_info=&#8221;{}&#8221;][et_pb_row _builder_version=&#8221;4.27.4&#8243; _module_preset=&#8221;default&#8221; background_enable_color=&#8221;off&#8221; global_colors_info=&#8221;{}&#8221;][et_pb_column type=&#8221;4_4&#8243; _builder_version=&#8221;4.27.4&#8243; _module_preset=&#8221;default&#8221; global_colors_info=&#8221;{}&#8221;][et_pb_cta title=&#8221;Sp\u00f8rgsm\u00e5l?&#8221; button_text=&#8221;Kontakt ledelsen her&#8221; _builder_version=&#8221;4.27.4&#8243; _module_preset=&#8221;default&#8221; header_font=&#8221;&#8211;et_global_heading_font|600|||||||&#8221; header_text_color=&#8221;#000000&#8243; header_font_size=&#8221;36px&#8221; background_enable_color=&#8221;off&#8221; custom_button=&#8221;on&#8221; button_text_color=&#8221;#FFFDF7&#8243; button_border_width=&#8221;20px&#8221; button_alignment=&#8221;center&#8221; min_height=&#8221;82px&#8221; custom_margin=&#8221;||-37px|||&#8221; custom_padding=&#8221;||14px|||&#8221; global_colors_info=&#8221;{}&#8221;][\/et_pb_cta][et_pb_button button_url=&#8221;@ET-DC@eyJkeW5hbWljIjp0cnVlLCJjb250ZW50IjoicG9zdF9saW5rX3VybF9wYWdlIiwic2V0dGluZ3MiOnsicG9zdF9pZCI6IjExOSJ9fQ==@&#8221; button_text=&#8221;Kontakt ledelsen her&#8221; button_alignment=&#8221;center&#8221; _builder_version=&#8221;4.27.4&#8243; _dynamic_attributes=&#8221;button_url&#8221; _module_preset=&#8221;c23677cd-b3f3-4697-917d-c779dcbb3621&#8243; global_colors_info=&#8221;{}&#8221;][\/et_pb_button][\/et_pb_column][\/et_pb_row][\/et_pb_section]<\/p>\n","protected":false},"excerpt":{"rendered":"<p>Hylleholt Familiehus er godkendt efter \u00a7\u00a7 107 og 66, stk. 1, nr. 6 i lov om Social Service. Socialtilsyn \u00d8st f\u00f8rer l\u00f8bende b\u00e5de anmeldte og uanmeldte tilsyn for at sikre kvaliteten af vores tilbud. Socialtilsynets vurdering lyder: Hylleholt Familiehus opfylder samlet set kravene for godkendelse i henhold til \u00a7\u00a7 6 og 12-18 i Lov om [&hellip;]<\/p>\n","protected":false},"author":1,"featured_media":0,"parent":0,"menu_order":0,"comment_status":"closed","ping_status":"closed","template":"","meta":{"_et_pb_use_builder":"on","_et_pb_old_content":"","_et_gb_content_width":"","footnotes":""},"class_list":["post-259","page","type-page","status-publish","hentry"],"yoast_head":"<!-- This site is optimized with the Yoast SEO plugin v25.5 - https:\/\/yoast.com\/wordpress\/plugins\/seo\/ -->\n<title>Tilsyn - Hylleholt Familiehus<\/title>\n<meta name=\"robots\" content=\"index, follow, max-snippet:-1, max-image-preview:large, max-video-preview:-1\" \/>\n<link rel=\"canonical\" href=\"https:\/\/hylleholtfamiliehus.net\/index.php\/259-2\/\" \/>\n<meta property=\"og:locale\" content=\"en_US\" \/>\n<meta property=\"og:type\" content=\"article\" \/>\n<meta property=\"og:title\" content=\"Tilsyn - Hylleholt Familiehus\" \/>\n<meta property=\"og:description\" content=\"Hylleholt Familiehus er godkendt efter \u00a7\u00a7 107 og 66, stk. 1, nr. 6 i lov om Social Service. Socialtilsyn \u00d8st f\u00f8rer l\u00f8bende b\u00e5de anmeldte og uanmeldte tilsyn for at sikre kvaliteten af vores tilbud. Socialtilsynets vurdering lyder: Hylleholt Familiehus opfylder samlet set kravene for godkendelse i henhold til \u00a7\u00a7 6 og 12-18 i Lov om [&hellip;]\" \/>\n<meta property=\"og:url\" content=\"https:\/\/hylleholtfamiliehus.net\/index.php\/259-2\/\" \/>\n<meta property=\"og:site_name\" content=\"Hylleholt Familiehus\" \/>\n<meta property=\"article:modified_time\" content=\"2025-07-19T12:19:59+00:00\" \/>\n<meta name=\"twitter:card\" content=\"summary_large_image\" \/>\n<meta name=\"twitter:label1\" content=\"Est. reading time\" \/>\n\t<meta name=\"twitter:data1\" content=\"4 minutes\" \/>\n<script type=\"application\/ld+json\" class=\"yoast-schema-graph\">{\"@context\":\"https:\/\/schema.org\",\"@graph\":[{\"@type\":\"WebPage\",\"@id\":\"https:\/\/hylleholtfamiliehus.net\/index.php\/259-2\/\",\"url\":\"https:\/\/hylleholtfamiliehus.net\/index.php\/259-2\/\",\"name\":\"Tilsyn - Hylleholt Familiehus\",\"isPartOf\":{\"@id\":\"https:\/\/hylleholtfamiliehus.net\/#website\"},\"datePublished\":\"2025-07-07T18:28:41+00:00\",\"dateModified\":\"2025-07-19T12:19:59+00:00\",\"breadcrumb\":{\"@id\":\"https:\/\/hylleholtfamiliehus.net\/index.php\/259-2\/#breadcrumb\"},\"inLanguage\":\"en-US\",\"potentialAction\":[{\"@type\":\"ReadAction\",\"target\":[\"https:\/\/hylleholtfamiliehus.net\/index.php\/259-2\/\"]}]},{\"@type\":\"BreadcrumbList\",\"@id\":\"https:\/\/hylleholtfamiliehus.net\/index.php\/259-2\/#breadcrumb\",\"itemListElement\":[{\"@type\":\"ListItem\",\"position\":1,\"name\":\"Home\",\"item\":\"https:\/\/hylleholtfamiliehus.net\/\"},{\"@type\":\"ListItem\",\"position\":2,\"name\":\"Tilsyn\"}]},{\"@type\":\"WebSite\",\"@id\":\"https:\/\/hylleholtfamiliehus.net\/#website\",\"url\":\"https:\/\/hylleholtfamiliehus.net\/\",\"name\":\"Hylleholt Familiehus\",\"description\":\"\",\"publisher\":{\"@id\":\"https:\/\/hylleholtfamiliehus.net\/#organization\"},\"potentialAction\":[{\"@type\":\"SearchAction\",\"target\":{\"@type\":\"EntryPoint\",\"urlTemplate\":\"https:\/\/hylleholtfamiliehus.net\/?s={search_term_string}\"},\"query-input\":{\"@type\":\"PropertyValueSpecification\",\"valueRequired\":true,\"valueName\":\"search_term_string\"}}],\"inLanguage\":\"en-US\"},{\"@type\":\"Organization\",\"@id\":\"https:\/\/hylleholtfamiliehus.net\/#organization\",\"name\":\"Hylleholt Familiehus\",\"url\":\"https:\/\/hylleholtfamiliehus.net\/\",\"logo\":{\"@type\":\"ImageObject\",\"inLanguage\":\"en-US\",\"@id\":\"https:\/\/hylleholtfamiliehus.net\/#\/schema\/logo\/image\/\",\"url\":\"https:\/\/hylleholtfamiliehus.net\/wp-content\/uploads\/2025\/07\/hylleholt-logo-black.webp\",\"contentUrl\":\"https:\/\/hylleholtfamiliehus.net\/wp-content\/uploads\/2025\/07\/hylleholt-logo-black.webp\",\"width\":500,\"height\":523,\"caption\":\"Hylleholt Familiehus\"},\"image\":{\"@id\":\"https:\/\/hylleholtfamiliehus.net\/#\/schema\/logo\/image\/\"}}]}<\/script>\n<!-- \/ Yoast SEO plugin. -->","yoast_head_json":{"title":"Tilsyn - Hylleholt Familiehus","robots":{"index":"index","follow":"follow","max-snippet":"max-snippet:-1","max-image-preview":"max-image-preview:large","max-video-preview":"max-video-preview:-1"},"canonical":"https:\/\/hylleholtfamiliehus.net\/index.php\/259-2\/","og_locale":"en_US","og_type":"article","og_title":"Tilsyn - Hylleholt Familiehus","og_description":"Hylleholt Familiehus er godkendt efter \u00a7\u00a7 107 og 66, stk. 1, nr. 6 i lov om Social Service. Socialtilsyn \u00d8st f\u00f8rer l\u00f8bende b\u00e5de anmeldte og uanmeldte tilsyn for at sikre kvaliteten af vores tilbud. Socialtilsynets vurdering lyder: Hylleholt Familiehus opfylder samlet set kravene for godkendelse i henhold til \u00a7\u00a7 6 og 12-18 i Lov om [&hellip;]","og_url":"https:\/\/hylleholtfamiliehus.net\/index.php\/259-2\/","og_site_name":"Hylleholt Familiehus","article_modified_time":"2025-07-19T12:19:59+00:00","twitter_card":"summary_large_image","twitter_misc":{"Est. reading time":"4 minutes"},"schema":{"@context":"https:\/\/schema.org","@graph":[{"@type":"WebPage","@id":"https:\/\/hylleholtfamiliehus.net\/index.php\/259-2\/","url":"https:\/\/hylleholtfamiliehus.net\/index.php\/259-2\/","name":"Tilsyn - Hylleholt Familiehus","isPartOf":{"@id":"https:\/\/hylleholtfamiliehus.net\/#website"},"datePublished":"2025-07-07T18:28:41+00:00","dateModified":"2025-07-19T12:19:59+00:00","breadcrumb":{"@id":"https:\/\/hylleholtfamiliehus.net\/index.php\/259-2\/#breadcrumb"},"inLanguage":"en-US","potentialAction":[{"@type":"ReadAction","target":["https:\/\/hylleholtfamiliehus.net\/index.php\/259-2\/"]}]},{"@type":"BreadcrumbList","@id":"https:\/\/hylleholtfamiliehus.net\/index.php\/259-2\/#breadcrumb","itemListElement":[{"@type":"ListItem","position":1,"name":"Home","item":"https:\/\/hylleholtfamiliehus.net\/"},{"@type":"ListItem","position":2,"name":"Tilsyn"}]},{"@type":"WebSite","@id":"https:\/\/hylleholtfamiliehus.net\/#website","url":"https:\/\/hylleholtfamiliehus.net\/","name":"Hylleholt Familiehus","description":"","publisher":{"@id":"https:\/\/hylleholtfamiliehus.net\/#organization"},"potentialAction":[{"@type":"SearchAction","target":{"@type":"EntryPoint","urlTemplate":"https:\/\/hylleholtfamiliehus.net\/?s={search_term_string}"},"query-input":{"@type":"PropertyValueSpecification","valueRequired":true,"valueName":"search_term_string"}}],"inLanguage":"en-US"},{"@type":"Organization","@id":"https:\/\/hylleholtfamiliehus.net\/#organization","name":"Hylleholt Familiehus","url":"https:\/\/hylleholtfamiliehus.net\/","logo":{"@type":"ImageObject","inLanguage":"en-US","@id":"https:\/\/hylleholtfamiliehus.net\/#\/schema\/logo\/image\/","url":"https:\/\/hylleholtfamiliehus.net\/wp-content\/uploads\/2025\/07\/hylleholt-logo-black.webp","contentUrl":"https:\/\/hylleholtfamiliehus.net\/wp-content\/uploads\/2025\/07\/hylleholt-logo-black.webp","width":500,"height":523,"caption":"Hylleholt Familiehus"},"image":{"@id":"https:\/\/hylleholtfamiliehus.net\/#\/schema\/logo\/image\/"}}]}},"_links":{"self":[{"href":"https:\/\/hylleholtfamiliehus.net\/index.php\/wp-json\/wp\/v2\/pages\/259","targetHints":{"allow":["GET"]}}],"collection":[{"href":"https:\/\/hylleholtfamiliehus.net\/index.php\/wp-json\/wp\/v2\/pages"}],"about":[{"href":"https:\/\/hylleholtfamiliehus.net\/index.php\/wp-json\/wp\/v2\/types\/page"}],"author":[{"embeddable":true,"href":"https:\/\/hylleholtfamiliehus.net\/index.php\/wp-json\/wp\/v2\/users\/1"}],"replies":[{"embeddable":true,"href":"https:\/\/hylleholtfamiliehus.net\/index.php\/wp-json\/wp\/v2\/comments?post=259"}],"version-history":[{"count":11,"href":"https:\/\/hylleholtfamiliehus.net\/index.php\/wp-json\/wp\/v2\/pages\/259\/revisions"}],"predecessor-version":[{"id":675,"href":"https:\/\/hylleholtfamiliehus.net\/index.php\/wp-json\/wp\/v2\/pages\/259\/revisions\/675"}],"wp:attachment":[{"href":"https:\/\/hylleholtfamiliehus.net\/index.php\/wp-json\/wp\/v2\/media?parent=259"}],"curies":[{"name":"wp","href":"https:\/\/api.w.org\/{rel}","templated":true}]}}