{"id":433,"date":"2025-07-13T18:36:16","date_gmt":"2025-07-13T18:36:16","guid":{"rendered":"https:\/\/hylleholtfamiliehus.net\/staging\/?page_id=433"},"modified":"2025-09-02T18:10:51","modified_gmt":"2025-09-02T18:10:51","slug":"familiebehandler","status":"publish","type":"page","link":"https:\/\/hylleholtfamiliehus.net\/index.php\/familiebehandler\/","title":{"rendered":"Det faglige team"},"content":{"rendered":"<p>[et_pb_section fb_built=&#8221;1&#8243; custom_padding_last_edited=&#8221;on|phone&#8221; _builder_version=&#8221;4.27.4&#8243; _module_preset=&#8221;095aed7c-4ad1-4fca-9cf2-f2bd8b67871f&#8221; z_index=&#8221;500&#8243; custom_margin=&#8221;100px||-4px||false|false&#8221; custom_margin_tablet=&#8221;0px||0px||false|false&#8221; custom_margin_phone=&#8221;0px||0px||false|false&#8221; custom_margin_last_edited=&#8221;on|phone&#8221; custom_padding=&#8221;|60px|43px|60px|false|true&#8221; custom_padding_tablet=&#8221;0px|20px|0px|20px|false|true&#8221; custom_padding_phone=&#8221;0px|20px||20px|false|true&#8221; border_radii=&#8221;off|||20px|20px&#8221; global_colors_info=&#8221;{}&#8221;][et_pb_row column_structure=&#8221;3_5,2_5&#8243; use_custom_gutter=&#8221;on&#8221; custom_padding_last_edited=&#8221;on|desktop&#8221; _builder_version=&#8221;4.27.4&#8243; _module_preset=&#8221;82dbbf24-a739-4cd8-90bb-01c76fce5590&#8243; custom_padding=&#8221;0px|60px|0px|60px|false|true&#8221; custom_padding_tablet=&#8221;150px|0px|100px|0px|false|true&#8221; custom_padding_phone=&#8221;150px|0px|60px|0px|false|true&#8221; global_colors_info=&#8221;{}&#8221;][et_pb_column type=&#8221;3_5&#8243; _builder_version=&#8221;4.27.4&#8243; _module_preset=&#8221;52a66423-0837-40d4-86aa-daccd9789569&#8243; custom_padding=&#8221;60px|0px|60px|0px|true|true&#8221; global_colors_info=&#8221;{}&#8221;][et_pb_heading title=&#8221;Det faglige team p\u00e5 Hylleholt&#8221; _builder_version=&#8221;4.27.4&#8243; _module_preset=&#8221;27ff8fb8-7dfa-442b-8f0f-8c1a9edbe604&#8243; title_level=&#8221;h1&#8243; title_font=&#8221;&#8211;et_global_heading_font|600|||||||&#8221; title_text_align=&#8221;left&#8221; title_font_size=&#8221;50px&#8221; custom_margin=&#8221;0px||0px||false|false&#8221; custom_margin_tablet=&#8221;||50px||false|false&#8221; custom_margin_phone=&#8221;50px||||false|false&#8221; custom_margin_last_edited=&#8221;on|desktop&#8221; global_colors_info=&#8221;{}&#8221;][\/et_pb_heading][et_pb_text _builder_version=&#8221;4.27.4&#8243; _module_preset=&#8221;4b37b9e4-4c1e-439c-92d2-36f908d89cfa&#8221; custom_margin=&#8221;42px|||||&#8221; custom_padding=&#8221;||4px|||&#8221; global_colors_info=&#8221;{}&#8221;]<\/p>\n<p>P\u00e5 Hylleholt Familiehus m\u00f8der du et tv\u00e6rfagligt og engageret team, der arbejder t\u00e6t sammen om at skabe trygge og udviklende rammer for dig og din familie. Vores faglige tilgang bygger p\u00e5 viden, erfaring og respekt for den situation, du st\u00e5r i.<\/p>\n<p>Vi ved, at det kr\u00e6ver tillid og tryghed at v\u00e6re i et d\u00f8gnforl\u00f8b. Derfor g\u00f8r vi os umage hver dag for at m\u00f8de jer med n\u00e6rv\u00e6r, faglighed og menneskelig forst\u00e5else. Du og din familie er aldrig alene &#8211; der er altid professionelle omkring jer, som st\u00f8tter, guider og skaber struktur i hverdagen.<\/p>\n<p>Vores team arbejder helhedsorienteret med barnet i centrum og tilbyder behandling, st\u00f8tte og vejledning til b\u00e5de akutte og l\u00e6ngerevarende forl\u00f8b.<\/p>\n<p>Vi samarbejder t\u00e6t med jer som familie og vores professionelle netv\u00e6rk for at sikre, at indsatsen giver varige resultater. Hos Hylleholt Familiehus er m\u00e5let, at I efter opholdet st\u00e5r st\u00e6rkere, trygge og med konkrete redskaber til hverdagen.<\/p>\n<p>[\/et_pb_text][\/et_pb_column][et_pb_column type=&#8221;2_5&#8243; _builder_version=&#8221;4.27.4&#8243; _module_preset=&#8221;52a66423-0837-40d4-86aa-daccd9789569&#8243; background_color=&#8221;#C9DCF2&#8243; custom_padding=&#8221;40px|40px|40px|40px|true|true&#8221; custom_padding_tablet=&#8221;40px||40px||true|true&#8221; custom_padding_phone=&#8221;40px|20px|40px|20px|true|true&#8221; custom_padding_last_edited=&#8221;on|phone&#8221; border_radii=&#8221;on|20px|20px|20px|20px&#8221; global_colors_info=&#8221;{}&#8221;][et_pb_heading title=&#8221;Et st\u00e6rkt f\u00e6llesskab med h\u00f8j faglighed&#8221; _builder_version=&#8221;4.27.4&#8243; _module_preset=&#8221;12240cbb-a9a9-4545-afbb-e96fdd7609cf&#8221; title_font=&#8221;&#8211;et_global_heading_font|600|||||||&#8221; title_font_size=&#8221;33px&#8221; custom_margin=&#8221;||13px|||&#8221; global_colors_info=&#8221;{}&#8221;][\/et_pb_heading][et_pb_text _builder_version=&#8221;4.27.4&#8243; _module_preset=&#8221;default&#8221; global_colors_info=&#8221;{}&#8221;]<\/p>\n<h3><\/h3>\n<p>Alle i teamet p\u00e5 Hylleholt Familiehus arbejder ud fra vores f\u00e6lles v\u00e6rdier:<\/p>\n<p><strong>inddragelse, respekt og udvikling.<\/strong><\/p>\n<p>Vi ser os selv som en vigtig del af jeres proces &#8211; men det er jeres vej, og vi f\u00f8lger den med faglig st\u00f8tte og menneskelig omsorg.<\/p>\n<p>Vi gl\u00e6der os til at byde dig og din familie velkommen i trygge rammer med et dedikeret og fagligt st\u00e6rkt team ved jeres side.<\/p>\n<p>[\/et_pb_text][\/et_pb_column][\/et_pb_row][et_pb_row _builder_version=&#8221;4.27.4&#8243; _module_preset=&#8221;default&#8221; custom_margin=&#8221;38px|auto||auto||&#8221; custom_margin_tablet=&#8221;50px||||false|false&#8221; custom_margin_phone=&#8221;20px|auto||auto|false|false&#8221; custom_margin_last_edited=&#8221;on|tablet&#8221; global_colors_info=&#8221;{}&#8221;][et_pb_column type=&#8221;4_4&#8243; _builder_version=&#8221;4.27.4&#8243; _module_preset=&#8221;default&#8221; custom_padding=&#8221;20px|60px|20px|60px|true|true&#8221; global_colors_info=&#8221;{}&#8221;][et_pb_heading title=&#8221;Hvem m\u00f8der du p\u00e5 Hylleholt Familiehus?&#8221; _builder_version=&#8221;4.27.4&#8243; _module_preset=&#8221;default&#8221; title_font=&#8221;&#8211;et_global_heading_font|600|||||||&#8221; title_font_size=&#8221;40px&#8221; custom_margin=&#8221;||24px|||&#8221; global_colors_info=&#8221;{}&#8221;][\/et_pb_heading][et_pb_heading title=&#8221;Vores tv\u00e6rfaglige team best\u00e5r af:&#8221; _builder_version=&#8221;4.27.4&#8243; _module_preset=&#8221;default&#8221; title_level=&#8221;h3&#8243; title_font=&#8221;&#8211;et_global_heading_font|600|||||||&#8221; title_font_size=&#8221;30px&#8221; global_colors_info=&#8221;{}&#8221;][\/et_pb_heading][\/et_pb_column][\/et_pb_row][et_pb_row column_structure=&#8221;1_2,1_2&#8243; use_custom_gutter=&#8221;on&#8221; gutter_width=&#8221;1&#8243; _builder_version=&#8221;4.27.4&#8243; _module_preset=&#8221;default&#8221; global_colors_info=&#8221;{}&#8221;][et_pb_column type=&#8221;1_2&#8243; _builder_version=&#8221;4.27.4&#8243; _module_preset=&#8221;default&#8221; custom_padding=&#8221;0px|60px|0px|60px|true|true&#8221; global_colors_info=&#8221;{}&#8221;][et_pb_text _builder_version=&#8221;4.27.4&#8243; _module_preset=&#8221;default&#8221; global_colors_info=&#8221;{}&#8221;]<\/p>\n<h3><\/h3>\n<ul>\n<li>\n<p><strong style=\"font-size: 18px; font-family: var(--et_global_body_font),serif;\">Familiebehandlere<\/strong><\/p>\n<\/li>\n<li>\n<p><strong><\/strong><strong>Socialp\u00e6dagoger<\/strong><strong><\/strong><\/p>\n<\/li>\n<li>\n<p><strong><\/strong><strong>Socialr\u00e5dgiver<\/strong>\u00a0<\/p>\n<\/li>\n<li>\n<p><strong>Psykoterapeuter<\/strong><\/p>\n<\/li>\n<\/ul>\n<p>[\/et_pb_text][\/et_pb_column][et_pb_column type=&#8221;1_2&#8243; _builder_version=&#8221;4.27.4&#8243; _module_preset=&#8221;default&#8221; custom_padding=&#8221;0px|60px|0px|60px|true|true&#8221; global_colors_info=&#8221;{}&#8221;][et_pb_text _builder_version=&#8221;4.27.4&#8243; _module_preset=&#8221;default&#8221; global_colors_info=&#8221;{}&#8221;]<\/p>\n<ul>\n<li>\n<p><strong>Sygeplejerske<\/strong><\/p>\n<\/li>\n<li>\n<p><strong><\/strong><strong>Nattevagter (psykoterapeut og socialp\u00e6dagog)<\/strong><\/p>\n<\/li>\n<li>\n<p><strong><\/strong><strong style=\"font-size: 18px; font-family: var(--et_global_body_font),serif;\">K\u00f8kkenpersonale<\/strong><\/p>\n<\/li>\n<li>\n<p><strong style=\"font-size: 18px; font-family: var(--et_global_body_font),serif;\"><\/strong><strong>Pedel<\/strong><\/p>\n<\/li>\n<\/ul>\n<ul><\/ul>\n<p>[\/et_pb_text][\/et_pb_column][\/et_pb_row][et_pb_row _builder_version=&#8221;4.27.4&#8243; _module_preset=&#8221;default&#8221;][et_pb_column _builder_version=&#8221;4.27.4&#8243; _module_preset=&#8221;default&#8221; type=&#8221;4_4&#8243;][et_pb_text _builder_version=&#8221;4.27.4&#8243; _module_preset=&#8221;default&#8221; hover_enabled=&#8221;0&#8243; sticky_enabled=&#8221;0&#8243;]<\/p>\n<p><span style=\"font-size: x-large;\"><strong>Kontakt os<\/strong><\/span><br \/>Du er altid velkommen til at kontakte os, hvis du har sp\u00f8rgsm\u00e5l om vores tv\u00e6rfaglige team. Vores erfarne medarbejdere st\u00e5r klar til at vejlede og st\u00f8tte dig og din familie, s\u00e5 I kan f\u00e5 den bedst mulige hj\u00e6lp og trygge rammer.<\/p>\n<p>[\/et_pb_text][\/et_pb_column][\/et_pb_row][\/et_pb_section][et_pb_section fb_built=&#8221;1&#8243; custom_padding_last_edited=&#8221;on|tablet&#8221; _builder_version=&#8221;4.27.4&#8243; _module_preset=&#8221;440062e9-6034-427d-9bb5-097defede943&#8243; custom_padding=&#8221;|60px|100px|60px|false|true&#8221; custom_padding_tablet=&#8221;|20px||20px|false|true&#8221; custom_padding_phone=&#8221;&#8221; global_colors_info=&#8221;{}&#8221;][et_pb_row column_structure=&#8221;3_5,2_5&#8243; use_custom_gutter=&#8221;on&#8221; gutter_width=&#8221;1&#8243; make_equal=&#8221;on&#8221; _builder_version=&#8221;4.27.4&#8243; _module_preset=&#8221;5be49f14-aae5-414d-a1c7-8a9fc1dda1d8&#8243; custom_margin=&#8221;||||false|true&#8221; custom_padding=&#8221;0px||0px||false|true&#8221; border_radii=&#8221;on|20px|20px|20px|20px&#8221; global_colors_info=&#8221;{}&#8221;][et_pb_column type=&#8221;3_5&#8243; _builder_version=&#8221;4.27.4&#8243; _module_preset=&#8221;1d1a0112-6867-4cff-bda5-4952c6801f11&#8243; background_enable_color=&#8221;off&#8221; background_image=&#8221;https:\/\/hylleholtfamiliehus.net\/wp-content\/uploads\/2025\/07\/DJI_0270.jpg&#8221; custom_padding=&#8221;0px|0px|0px|0px|true|true&#8221; custom_css_free_form=&#8221;selector {||  height: 300px;||}&#8221; global_colors_info=&#8221;{}&#8221;][\/et_pb_column][et_pb_column type=&#8221;2_5&#8243; _builder_version=&#8221;4.27.4&#8243; _module_preset=&#8221;1d1a0112-6867-4cff-bda5-4952c6801f11&#8243; background_color=&#8221;#E4F2C9&#8243; custom_padding=&#8221;0px|60px|0px|60px|true|true&#8221; custom_css_free_form=&#8221;selector {||  height: 300px;||  display: flex;||  flex-direction: column;||  justify-content: center;||  padding-left: 50px;||  padding-right: 50px;||||}||@media (max-width: 767px) {||  .selector {||    height: 200px;||    padding-left: 20px;||    padding-right: 20px;||  }||}&#8221; global_colors_info=&#8221;{}&#8221;][et_pb_heading title=&#8221;Kontakt os idag&#8221; _builder_version=&#8221;4.27.4&#8243; _module_preset=&#8221;0799e0cb-9ee2-4a20-9219-2726df4897da&#8221; title_font=&#8221;&#8211;et_global_heading_font|600|||||||&#8221; global_colors_info=&#8221;{}&#8221;][\/et_pb_heading][et_pb_button button_url=&#8221;https:\/\/hylleholtfamiliehus.net\/index.php\/119-2\/&#8221; button_text=&#8221;Kontakt os&#8221; _builder_version=&#8221;4.27.4&#8243; _module_preset=&#8221;4f42d08e-f383-43a0-bdec-7d720e89cc4f&#8221; global_colors_info=&#8221;{}&#8221;][\/et_pb_button][\/et_pb_column][\/et_pb_row][\/et_pb_section]<\/p>\n","protected":false},"excerpt":{"rendered":"<p>P\u00e5 Hylleholt Familiehus m\u00f8der du et tv\u00e6rfagligt og engageret team, der arbejder t\u00e6t sammen om at skabe trygge og udviklende rammer for dig og din familie. Vores faglige tilgang bygger p\u00e5 viden, erfaring og respekt for den situation, du st\u00e5r i. Vi ved, at det kr\u00e6ver tillid og tryghed at v\u00e6re i et d\u00f8gnforl\u00f8b. Derfor [&hellip;]<\/p>\n","protected":false},"author":1,"featured_media":0,"parent":0,"menu_order":0,"comment_status":"closed","ping_status":"closed","template":"","meta":{"_et_pb_use_builder":"on","_et_pb_old_content":"","_et_gb_content_width":"","footnotes":""},"class_list":["post-433","page","type-page","status-publish","hentry"],"yoast_head":"<!-- This site is optimized with the Yoast SEO plugin v25.5 - https:\/\/yoast.com\/wordpress\/plugins\/seo\/ -->\n<title>Familiebehandler | Professionel st\u00f8tte til familier | Hylleholt Familiehus<\/title>\n<meta name=\"description\" content=\"Familiebehandler med fokus p\u00e5 d\u00f8gnbehandling og praktisk st\u00f8tte til familier, der har brug for trygge og helhedsorienterede l\u00f8sninger.\" \/>\n<meta name=\"robots\" content=\"index, follow, max-snippet:-1, max-image-preview:large, max-video-preview:-1\" \/>\n<link rel=\"canonical\" href=\"https:\/\/hylleholtfamiliehus.net\/index.php\/familiebehandler\/\" \/>\n<meta property=\"og:locale\" content=\"en_US\" \/>\n<meta property=\"og:type\" content=\"article\" \/>\n<meta property=\"og:title\" content=\"Familiebehandler | Professionel st\u00f8tte til familier | Hylleholt Familiehus\" \/>\n<meta property=\"og:description\" content=\"Familiebehandler med fokus p\u00e5 d\u00f8gnbehandling og praktisk st\u00f8tte til familier, der har brug for trygge og helhedsorienterede l\u00f8sninger.\" \/>\n<meta property=\"og:url\" content=\"https:\/\/hylleholtfamiliehus.net\/index.php\/familiebehandler\/\" \/>\n<meta property=\"og:site_name\" content=\"Hylleholt Familiehus\" \/>\n<meta property=\"article:modified_time\" content=\"2025-09-02T18:10:51+00:00\" \/>\n<meta name=\"twitter:card\" content=\"summary_large_image\" \/>\n<meta name=\"twitter:label1\" content=\"Est. reading time\" \/>\n\t<meta name=\"twitter:data1\" content=\"1 minute\" \/>\n<script type=\"application\/ld+json\" class=\"yoast-schema-graph\">{\"@context\":\"https:\/\/schema.org\",\"@graph\":[{\"@type\":\"WebPage\",\"@id\":\"https:\/\/hylleholtfamiliehus.net\/index.php\/familiebehandler\/\",\"url\":\"https:\/\/hylleholtfamiliehus.net\/index.php\/familiebehandler\/\",\"name\":\"Familiebehandler | Professionel st\u00f8tte til familier | Hylleholt Familiehus\",\"isPartOf\":{\"@id\":\"https:\/\/hylleholtfamiliehus.net\/#website\"},\"datePublished\":\"2025-07-13T18:36:16+00:00\",\"dateModified\":\"2025-09-02T18:10:51+00:00\",\"description\":\"Familiebehandler med fokus p\u00e5 d\u00f8gnbehandling og praktisk st\u00f8tte til familier, der har brug for trygge og helhedsorienterede l\u00f8sninger.\",\"breadcrumb\":{\"@id\":\"https:\/\/hylleholtfamiliehus.net\/index.php\/familiebehandler\/#breadcrumb\"},\"inLanguage\":\"en-US\",\"potentialAction\":[{\"@type\":\"ReadAction\",\"target\":[\"https:\/\/hylleholtfamiliehus.net\/index.php\/familiebehandler\/\"]}]},{\"@type\":\"BreadcrumbList\",\"@id\":\"https:\/\/hylleholtfamiliehus.net\/index.php\/familiebehandler\/#breadcrumb\",\"itemListElement\":[{\"@type\":\"ListItem\",\"position\":1,\"name\":\"Home\",\"item\":\"https:\/\/hylleholtfamiliehus.net\/\"},{\"@type\":\"ListItem\",\"position\":2,\"name\":\"Det faglige team\"}]},{\"@type\":\"WebSite\",\"@id\":\"https:\/\/hylleholtfamiliehus.net\/#website\",\"url\":\"https:\/\/hylleholtfamiliehus.net\/\",\"name\":\"Hylleholt Familiehus\",\"description\":\"\",\"publisher\":{\"@id\":\"https:\/\/hylleholtfamiliehus.net\/#organization\"},\"potentialAction\":[{\"@type\":\"SearchAction\",\"target\":{\"@type\":\"EntryPoint\",\"urlTemplate\":\"https:\/\/hylleholtfamiliehus.net\/?s={search_term_string}\"},\"query-input\":{\"@type\":\"PropertyValueSpecification\",\"valueRequired\":true,\"valueName\":\"search_term_string\"}}],\"inLanguage\":\"en-US\"},{\"@type\":\"Organization\",\"@id\":\"https:\/\/hylleholtfamiliehus.net\/#organization\",\"name\":\"Hylleholt Familiehus\",\"url\":\"https:\/\/hylleholtfamiliehus.net\/\",\"logo\":{\"@type\":\"ImageObject\",\"inLanguage\":\"en-US\",\"@id\":\"https:\/\/hylleholtfamiliehus.net\/#\/schema\/logo\/image\/\",\"url\":\"https:\/\/hylleholtfamiliehus.net\/wp-content\/uploads\/2025\/07\/hylleholt-logo-black.webp\",\"contentUrl\":\"https:\/\/hylleholtfamiliehus.net\/wp-content\/uploads\/2025\/07\/hylleholt-logo-black.webp\",\"width\":500,\"height\":523,\"caption\":\"Hylleholt Familiehus\"},\"image\":{\"@id\":\"https:\/\/hylleholtfamiliehus.net\/#\/schema\/logo\/image\/\"}}]}<\/script>\n<!-- \/ Yoast SEO plugin. -->","yoast_head_json":{"title":"Familiebehandler | Professionel st\u00f8tte til familier | Hylleholt Familiehus","description":"Familiebehandler med fokus p\u00e5 d\u00f8gnbehandling og praktisk st\u00f8tte til familier, der har brug for trygge og helhedsorienterede l\u00f8sninger.","robots":{"index":"index","follow":"follow","max-snippet":"max-snippet:-1","max-image-preview":"max-image-preview:large","max-video-preview":"max-video-preview:-1"},"canonical":"https:\/\/hylleholtfamiliehus.net\/index.php\/familiebehandler\/","og_locale":"en_US","og_type":"article","og_title":"Familiebehandler | Professionel st\u00f8tte til familier | Hylleholt Familiehus","og_description":"Familiebehandler med fokus p\u00e5 d\u00f8gnbehandling og praktisk st\u00f8tte til familier, der har brug for trygge og helhedsorienterede l\u00f8sninger.","og_url":"https:\/\/hylleholtfamiliehus.net\/index.php\/familiebehandler\/","og_site_name":"Hylleholt Familiehus","article_modified_time":"2025-09-02T18:10:51+00:00","twitter_card":"summary_large_image","twitter_misc":{"Est. reading time":"1 minute"},"schema":{"@context":"https:\/\/schema.org","@graph":[{"@type":"WebPage","@id":"https:\/\/hylleholtfamiliehus.net\/index.php\/familiebehandler\/","url":"https:\/\/hylleholtfamiliehus.net\/index.php\/familiebehandler\/","name":"Familiebehandler | Professionel st\u00f8tte til familier | Hylleholt Familiehus","isPartOf":{"@id":"https:\/\/hylleholtfamiliehus.net\/#website"},"datePublished":"2025-07-13T18:36:16+00:00","dateModified":"2025-09-02T18:10:51+00:00","description":"Familiebehandler med fokus p\u00e5 d\u00f8gnbehandling og praktisk st\u00f8tte til familier, der har brug for trygge og helhedsorienterede l\u00f8sninger.","breadcrumb":{"@id":"https:\/\/hylleholtfamiliehus.net\/index.php\/familiebehandler\/#breadcrumb"},"inLanguage":"en-US","potentialAction":[{"@type":"ReadAction","target":["https:\/\/hylleholtfamiliehus.net\/index.php\/familiebehandler\/"]}]},{"@type":"BreadcrumbList","@id":"https:\/\/hylleholtfamiliehus.net\/index.php\/familiebehandler\/#breadcrumb","itemListElement":[{"@type":"ListItem","position":1,"name":"Home","item":"https:\/\/hylleholtfamiliehus.net\/"},{"@type":"ListItem","position":2,"name":"Det faglige team"}]},{"@type":"WebSite","@id":"https:\/\/hylleholtfamiliehus.net\/#website","url":"https:\/\/hylleholtfamiliehus.net\/","name":"Hylleholt Familiehus","description":"","publisher":{"@id":"https:\/\/hylleholtfamiliehus.net\/#organization"},"potentialAction":[{"@type":"SearchAction","target":{"@type":"EntryPoint","urlTemplate":"https:\/\/hylleholtfamiliehus.net\/?s={search_term_string}"},"query-input":{"@type":"PropertyValueSpecification","valueRequired":true,"valueName":"search_term_string"}}],"inLanguage":"en-US"},{"@type":"Organization","@id":"https:\/\/hylleholtfamiliehus.net\/#organization","name":"Hylleholt Familiehus","url":"https:\/\/hylleholtfamiliehus.net\/","logo":{"@type":"ImageObject","inLanguage":"en-US","@id":"https:\/\/hylleholtfamiliehus.net\/#\/schema\/logo\/image\/","url":"https:\/\/hylleholtfamiliehus.net\/wp-content\/uploads\/2025\/07\/hylleholt-logo-black.webp","contentUrl":"https:\/\/hylleholtfamiliehus.net\/wp-content\/uploads\/2025\/07\/hylleholt-logo-black.webp","width":500,"height":523,"caption":"Hylleholt Familiehus"},"image":{"@id":"https:\/\/hylleholtfamiliehus.net\/#\/schema\/logo\/image\/"}}]}},"_links":{"self":[{"href":"https:\/\/hylleholtfamiliehus.net\/index.php\/wp-json\/wp\/v2\/pages\/433","targetHints":{"allow":["GET"]}}],"collection":[{"href":"https:\/\/hylleholtfamiliehus.net\/index.php\/wp-json\/wp\/v2\/pages"}],"about":[{"href":"https:\/\/hylleholtfamiliehus.net\/index.php\/wp-json\/wp\/v2\/types\/page"}],"author":[{"embeddable":true,"href":"https:\/\/hylleholtfamiliehus.net\/index.php\/wp-json\/wp\/v2\/users\/1"}],"replies":[{"embeddable":true,"href":"https:\/\/hylleholtfamiliehus.net\/index.php\/wp-json\/wp\/v2\/comments?post=433"}],"version-history":[{"count":15,"href":"https:\/\/hylleholtfamiliehus.net\/index.php\/wp-json\/wp\/v2\/pages\/433\/revisions"}],"predecessor-version":[{"id":1006,"href":"https:\/\/hylleholtfamiliehus.net\/index.php\/wp-json\/wp\/v2\/pages\/433\/revisions\/1006"}],"wp:attachment":[{"href":"https:\/\/hylleholtfamiliehus.net\/index.php\/wp-json\/wp\/v2\/media?parent=433"}],"curies":[{"name":"wp","href":"https:\/\/api.w.org\/{rel}","templated":true}]}}