{"id":476,"date":"2025-07-15T08:44:24","date_gmt":"2025-07-15T08:44:24","guid":{"rendered":"https:\/\/hylleholtfamiliehus.net\/staging\/?page_id=476"},"modified":"2025-07-22T11:09:39","modified_gmt":"2025-07-22T11:09:39","slug":"job","status":"publish","type":"page","link":"https:\/\/hylleholtfamiliehus.net\/index.php\/job\/","title":{"rendered":"Job"},"content":{"rendered":"<p>[et_pb_section fb_built=&#8221;1&#8243; custom_padding_last_edited=&#8221;on|desktop&#8221; _builder_version=&#8221;4.27.4&#8243; _module_preset=&#8221;_initial&#8221; z_index=&#8221;63&#8243; custom_margin=&#8221;||-20px||false|false&#8221; custom_padding=&#8221;|60px|100px|60px|false|true&#8221; custom_padding_tablet=&#8221;|20px||20px|false|true&#8221; custom_padding_phone=&#8221;|20px||20px|false|true&#8221; border_radii=&#8221;on|20px|20px|20px|20px&#8221; global_colors_info=&#8221;{}&#8221;][et_pb_row _builder_version=&#8221;4.27.4&#8243; _module_preset=&#8221;_initial&#8221; background_color=&#8221;gcid-bce03531-66b3-4c28-9989-6b0d58e6ede9&#8243; global_colors_info=&#8221;{%22gcid-bce03531-66b3-4c28-9989-6b0d58e6ede9%22:%91%22background_color%22%93}&#8221;][et_pb_column type=&#8221;4_4&#8243; _builder_version=&#8221;4.27.4&#8243; _module_preset=&#8221;_initial&#8221; background_color=&#8221;gcid-8e0f1514-5d38-42fd-81b1-b6f086f0c8dd&#8221; global_colors_info=&#8221;{%22gcid-8e0f1514-5d38-42fd-81b1-b6f086f0c8dd%22:%91%22background_color%22%93}&#8221;][\/et_pb_column][\/et_pb_row][et_pb_row column_structure=&#8221;3_5,2_5&#8243; use_custom_gutter=&#8221;on&#8221; custom_padding_last_edited=&#8221;on|tablet&#8221; _builder_version=&#8221;4.27.4&#8243; _module_preset=&#8221;_initial&#8221; custom_padding=&#8221;40px|60px|0px|60px|false|true&#8221; custom_padding_tablet=&#8221;100px|20px|0px|20px|false|true&#8221; custom_padding_phone=&#8221;100px|0px|0px|0px|false|true&#8221; custom_css_free_form=&#8221;.&#8221; global_colors_info=&#8221;{}&#8221;][et_pb_column type=&#8221;3_5&#8243; _builder_version=&#8221;4.27.4&#8243; _module_preset=&#8221;_initial&#8221; custom_padding=&#8221;0px|0px|0px|0px|true|true&#8221; global_colors_info=&#8221;{}&#8221;][et_pb_heading title=&#8221;Interesseret i at arbejde hos os?&#8221; _builder_version=&#8221;4.27.4&#8243; _module_preset=&#8221;_initial&#8221; title_level=&#8221;h1&#8243; title_font=&#8221;&#8211;et_global_heading_font|600|||||||&#8221; title_text_align=&#8221;left&#8221; title_font_size=&#8221;50px&#8221; custom_margin=&#8221;0px||16px||false|false&#8221; custom_margin_tablet=&#8221;||50px||false|false&#8221; custom_margin_phone=&#8221;50px||||false|false&#8221; custom_margin_last_edited=&#8221;on|desktop&#8221; global_colors_info=&#8221;{}&#8221;][\/et_pb_heading][et_pb_text _builder_version=&#8221;4.27.4&#8243; _module_preset=&#8221;_initial&#8221; custom_margin=&#8221;2px||86px|||&#8221; custom_margin_tablet=&#8221;2px||86px|||&#8221; custom_margin_phone=&#8221;||60px||false|false&#8221; custom_margin_last_edited=&#8221;on|phone&#8221; custom_padding=&#8221;||4px|||&#8221; global_colors_info=&#8221;{%22gcid-8e0f1514-5d38-42fd-81b1-b6f086f0c8dd%22:%91%22header_4_text_color%22%93}&#8221;]<\/p>\n<p data-start=\"303\" data-end=\"422\">Hos <strong data-start=\"307\" data-end=\"331\">Hylleholt Familiehus<\/strong> er vi altid \u00e5bne for at h\u00f8re fra engagerede mennesker, der br\u00e6nder for at g\u00f8re en forskel.<\/p>\n<p data-start=\"424\" data-end=\"589\">Uanset om du er p\u00e5 udkig efter en fast stilling, et vikariat eller blot er nysgerrig p\u00e5, hvordan det er at arbejde hos os, er du meget velkommen til at tage kontakt.<\/p>\n<p>[\/et_pb_text][et_pb_heading title=&#8221;Vi vil gerne h\u00f8re fra dig&#8221; _builder_version=&#8221;4.27.4&#8243; _module_preset=&#8221;default&#8221; title_font=&#8221;&#8211;et_global_heading_font|600|||||||&#8221; title_font_size=&#8221;33px&#8221; custom_margin=&#8221;||8px|||&#8221; global_colors_info=&#8221;{}&#8221;][\/et_pb_heading][et_pb_text _builder_version=&#8221;4.27.4&#8243; _module_preset=&#8221;default&#8221; custom_margin=&#8221;||11px|||&#8221; global_colors_info=&#8221;{}&#8221;]<\/p>\n<div class=\"et_pb_text_inner\">\n<div data-shortcode-id=\"2.2.0.0-1752665581281\" data-quickaccess-editable=\"yes\" class=\"et-fb-popover-tinymce\">\n<div class=\"mce-content-body\" contenteditable=\"true\" style=\"position: relative;\">\n<p data-start=\"627\" data-end=\"797\">Du beh\u00f8ver ikke vente p\u00e5, at vi sl\u00e5r en stilling op. Hvis du kan se dig selv som en del af vores faglige og menneskelige f\u00e6llesskab, vil vi rigtig gerne h\u00f8re mere om dig.<\/p>\n<p data-start=\"799\" data-end=\"914\">Send os en kort besked eller en uopfordret ans\u00f8gning \u2013 og fort\u00e6l, hvorfor du har lyst til at arbejde sammen med os.<\/p>\n<\/div>\n<\/div>\n<\/div>\n<div class=\"et-fb-mousetrap et-fb-mousetrap--module et-fb-mousetrap-move\" style=\"background: 0px center; pointer-events: auto;\"><\/div>\n<p>[\/et_pb_text][et_pb_button button_url=&#8221;mailto:info@hhfh.dk&#8221; button_text=&#8221;Skriv til os her&#8221; _builder_version=&#8221;4.27.4&#8243; _module_preset=&#8221;c23677cd-b3f3-4697-917d-c779dcbb3621&#8243; custom_margin=&#8221;39px||||false|false&#8221; custom_margin_tablet=&#8221;39px||50px||false|false&#8221; custom_margin_phone=&#8221;39px||70px||false|false&#8221; custom_margin_last_edited=&#8221;on|phone&#8221; custom_padding=&#8221;0px||||false|true&#8221; custom_padding_tablet=&#8221;||||false|true&#8221; custom_padding_phone=&#8221;||||false|true&#8221; custom_padding_last_edited=&#8221;on|tablet&#8221; global_colors_info=&#8221;{}&#8221;][\/et_pb_button][et_pb_heading title=&#8221;Hvad vi l\u00e6gger v\u00e6gt p\u00e5:&#8221; _builder_version=&#8221;4.27.4&#8243; _module_preset=&#8221;default&#8221; title_font=&#8221;&#8211;et_global_heading_font|600|||||||&#8221; title_font_size=&#8221;30px&#8221; custom_margin=&#8221;||59px|||&#8221; hover_enabled=&#8221;0&#8243; global_colors_info=&#8221;{}&#8221; sticky_enabled=&#8221;0&#8243;][\/et_pb_heading][et_pb_text _builder_version=&#8221;4.27.4&#8243; _module_preset=&#8221;default&#8221; min_height=&#8221;217px&#8221; custom_margin=&#8221;-66px|||||&#8221; custom_padding=&#8221;0px|||||&#8221; global_colors_info=&#8221;{}&#8221;]<\/p>\n<div class=\"et_pb_text_inner\">\n<div data-shortcode-id=\"2.2.0.0-1752665581281\" data-quickaccess-editable=\"yes\" class=\"et-fb-popover-tinymce\">\n<div class=\"mce-content-body\" contenteditable=\"true\" style=\"position: relative;\">\n<p data-start=\"949\" data-end=\"976\">\n<ul data-start=\"977\" data-end=\"1130\">\n<li data-start=\"977\" data-end=\"1004\">\n<p data-start=\"979\" data-end=\"1004\"><strong data-start=\"979\" data-end=\"1004\">Faglighed\u00a0<\/strong><\/p>\n<\/li>\n<\/ul>\n<ul data-start=\"977\" data-end=\"1130\">\n<li data-start=\"1005\" data-end=\"1048\">\n<p data-start=\"1007\" data-end=\"1048\"><strong data-start=\"1007\" data-end=\"1048\">Et trygt og respektfuldt arbejdsmilj\u00f8<\/strong><\/p>\n<\/li>\n<\/ul>\n<ul data-start=\"977\" data-end=\"1130\">\n<li data-start=\"1049\" data-end=\"1130\">\n<p data-start=\"1051\" data-end=\"1130\"><strong data-start=\"1051\" data-end=\"1130\">N\u00e6rv\u00e6r, \u00e6gthed og omsorg \u2013 b\u00e5de overfor hinanden og dem, vi samarbejder med<\/strong><\/p>\n<\/li>\n<\/ul>\n<p data-start=\"1132\" data-end=\"1291\">Vi tror p\u00e5, at et godt arbejdsliv starter med ordentlighed, plads til forskellighed og f\u00e6llesskab. Og det m\u00e6rkes \u2013 b\u00e5de i hverdagen og i vores faglige arbejde.<\/p>\n<\/div>\n<\/div>\n<\/div>\n<div class=\"et-fb-mousetrap et-fb-mousetrap--module et-fb-mousetrap-move\" style=\"background: 0px center; pointer-events: auto; top: -20px; bottom: -2px;\"><\/div>\n<p>[\/et_pb_text][\/et_pb_column][et_pb_column type=&#8221;2_5&#8243; _builder_version=&#8221;4.27.4&#8243; _module_preset=&#8221;_initial&#8221; custom_padding=&#8221;0px|0px|0px|0px|true|true&#8221; global_colors_info=&#8221;{}&#8221;][et_pb_image src=&#8221;https:\/\/hylleholtfamiliehus.net\/wp-content\/uploads\/2025\/07\/2021-06-17_Hylleholt_Familiehus-17.jpg&#8221; title_text=&#8221;2021-06-17_Hylleholt_Familiehus-17&#8243; disabled_on=&#8221;off|off|off&#8221; _builder_version=&#8221;4.27.4&#8243; _module_preset=&#8221;default&#8221; height=&#8221;872px&#8221; height_tablet=&#8221;872px&#8221; height_phone=&#8221;872px&#8221; height_last_edited=&#8221;on|phone&#8221; custom_css_free_form=&#8221;.selector .et_pb_image_wrap {||  overflow: hidden;||}||||.selector .et_pb_image_wrap img {||  width: 100%;||  height: 800px;||  object-fit: cover;||}||||@media (max-width: 980px) {||  .selector .et_pb_image_wrap img {||    height: 500px;||  }||}&#8221; border_radii=&#8221;on|20px|20px|20px|20px&#8221; global_colors_info=&#8221;{}&#8221;][\/et_pb_image][\/et_pb_column][\/et_pb_row][\/et_pb_section][et_pb_section fb_built=&#8221;1&#8243; _builder_version=&#8221;4.27.4&#8243; _module_preset=&#8221;_initial&#8221; background_color=&#8221;#E4F2C9&#8243; global_colors_info=&#8221;{%22gcid-8e0f1514-5d38-42fd-81b1-b6f086f0c8dd%22:%91%22background_color%22%93}&#8221;][et_pb_row _builder_version=&#8221;4.27.4&#8243; _module_preset=&#8221;_initial&#8221; background_enable_color=&#8221;off&#8221; custom_css_free_form=&#8221;.selector {||  display: flex;||  align-items: center;||  justify-content: center;||}||||@media (max-width: 980px) {||  .selector {||    flex-direction: column;||  }||}&#8221; global_colors_info=&#8221;{}&#8221;][et_pb_column type=&#8221;4_4&#8243; _builder_version=&#8221;4.27.4&#8243; _module_preset=&#8221;_initial&#8221; background_color=&#8221;RGBA(255,255,255,0)&#8221; global_colors_info=&#8221;{}&#8221;][et_pb_cta title=&#8221;Sp\u00f8rgsm\u00e5l?&#8221; button_text=&#8221;Kontakt ledelsen her&#8221; _builder_version=&#8221;4.27.4&#8243; _module_preset=&#8221;default&#8221; header_font=&#8221;&#8211;et_global_heading_font|600|||||||&#8221; header_text_color=&#8221;#000000&#8243; header_font_size=&#8221;36px&#8221; background_enable_color=&#8221;off&#8221; custom_button=&#8221;on&#8221; button_text_color=&#8221;#FFFDF7&#8243; button_border_width=&#8221;20px&#8221; button_alignment=&#8221;center&#8221; min_height=&#8221;82px&#8221; custom_margin=&#8221;||-37px|||&#8221; custom_padding=&#8221;||14px|||&#8221; global_colors_info=&#8221;{}&#8221;][\/et_pb_cta][et_pb_text _builder_version=&#8221;4.27.4&#8243; _module_preset=&#8221;default&#8221; text_font_size=&#8221;20px&#8221; link_text_color=&#8221;#092125&#8243; text_orientation=&#8221;center&#8221; custom_padding=&#8221;20px||||false|false&#8221; global_colors_info=&#8221;{}&#8221;]<\/p>\n<p>Hvis du er interesseret i at h\u00f8re mere eller sende en uopfordret ans\u00f8gning, s\u00e5 skriv til os direkte p\u00e5 <a href=\"mailto:info@hhfh.dk\"><span>info@hhfh.dk<\/span><\/a><\/p>\n<p>[\/et_pb_text][et_pb_button button_url=&#8221;tel:42494732&#8243; button_text=&#8221;Kontakt ledelsen her&#8221; button_alignment=&#8221;center&#8221; _builder_version=&#8221;4.27.4&#8243; _module_preset=&#8221;c23677cd-b3f3-4697-917d-c779dcbb3621&#8243; global_colors_info=&#8221;{}&#8221;][\/et_pb_button][\/et_pb_column][\/et_pb_row][\/et_pb_section]<\/p>\n","protected":false},"excerpt":{"rendered":"<p>Hos Hylleholt Familiehus er vi altid \u00e5bne for at h\u00f8re fra engagerede mennesker, der br\u00e6nder for at g\u00f8re en forskel. Uanset om du er p\u00e5 udkig efter en fast stilling, et vikariat eller blot er nysgerrig p\u00e5, hvordan det er at arbejde hos os, er du meget velkommen til at tage kontakt. Du beh\u00f8ver ikke [&hellip;]<\/p>\n","protected":false},"author":1,"featured_media":0,"parent":0,"menu_order":0,"comment_status":"closed","ping_status":"closed","template":"","meta":{"_et_pb_use_builder":"on","_et_pb_old_content":"","_et_gb_content_width":"","footnotes":""},"class_list":["post-476","page","type-page","status-publish","hentry"],"yoast_head":"<!-- This site is optimized with the Yoast SEO plugin v25.5 - https:\/\/yoast.com\/wordpress\/plugins\/seo\/ -->\n<title>Job - Hylleholt Familiehus<\/title>\n<meta name=\"robots\" content=\"index, follow, max-snippet:-1, max-image-preview:large, max-video-preview:-1\" \/>\n<link rel=\"canonical\" href=\"https:\/\/hylleholtfamiliehus.net\/index.php\/job\/\" \/>\n<meta property=\"og:locale\" content=\"en_US\" \/>\n<meta property=\"og:type\" content=\"article\" \/>\n<meta property=\"og:title\" content=\"Job - Hylleholt Familiehus\" \/>\n<meta property=\"og:description\" content=\"Hos Hylleholt Familiehus er vi altid \u00e5bne for at h\u00f8re fra engagerede mennesker, der br\u00e6nder for at g\u00f8re en forskel. Uanset om du er p\u00e5 udkig efter en fast stilling, et vikariat eller blot er nysgerrig p\u00e5, hvordan det er at arbejde hos os, er du meget velkommen til at tage kontakt. Du beh\u00f8ver ikke [&hellip;]\" \/>\n<meta property=\"og:url\" content=\"https:\/\/hylleholtfamiliehus.net\/index.php\/job\/\" \/>\n<meta property=\"og:site_name\" content=\"Hylleholt Familiehus\" \/>\n<meta property=\"article:modified_time\" content=\"2025-07-22T11:09:39+00:00\" \/>\n<meta name=\"twitter:card\" content=\"summary_large_image\" \/>\n<meta name=\"twitter:label1\" content=\"Est. reading time\" \/>\n\t<meta name=\"twitter:data1\" content=\"5 minutes\" \/>\n<script type=\"application\/ld+json\" class=\"yoast-schema-graph\">{\"@context\":\"https:\/\/schema.org\",\"@graph\":[{\"@type\":\"WebPage\",\"@id\":\"https:\/\/hylleholtfamiliehus.net\/index.php\/job\/\",\"url\":\"https:\/\/hylleholtfamiliehus.net\/index.php\/job\/\",\"name\":\"Job - Hylleholt Familiehus\",\"isPartOf\":{\"@id\":\"https:\/\/hylleholtfamiliehus.net\/#website\"},\"datePublished\":\"2025-07-15T08:44:24+00:00\",\"dateModified\":\"2025-07-22T11:09:39+00:00\",\"breadcrumb\":{\"@id\":\"https:\/\/hylleholtfamiliehus.net\/index.php\/job\/#breadcrumb\"},\"inLanguage\":\"en-US\",\"potentialAction\":[{\"@type\":\"ReadAction\",\"target\":[\"https:\/\/hylleholtfamiliehus.net\/index.php\/job\/\"]}]},{\"@type\":\"BreadcrumbList\",\"@id\":\"https:\/\/hylleholtfamiliehus.net\/index.php\/job\/#breadcrumb\",\"itemListElement\":[{\"@type\":\"ListItem\",\"position\":1,\"name\":\"Home\",\"item\":\"https:\/\/hylleholtfamiliehus.net\/\"},{\"@type\":\"ListItem\",\"position\":2,\"name\":\"Job\"}]},{\"@type\":\"WebSite\",\"@id\":\"https:\/\/hylleholtfamiliehus.net\/#website\",\"url\":\"https:\/\/hylleholtfamiliehus.net\/\",\"name\":\"Hylleholt Familiehus\",\"description\":\"\",\"publisher\":{\"@id\":\"https:\/\/hylleholtfamiliehus.net\/#organization\"},\"potentialAction\":[{\"@type\":\"SearchAction\",\"target\":{\"@type\":\"EntryPoint\",\"urlTemplate\":\"https:\/\/hylleholtfamiliehus.net\/?s={search_term_string}\"},\"query-input\":{\"@type\":\"PropertyValueSpecification\",\"valueRequired\":true,\"valueName\":\"search_term_string\"}}],\"inLanguage\":\"en-US\"},{\"@type\":\"Organization\",\"@id\":\"https:\/\/hylleholtfamiliehus.net\/#organization\",\"name\":\"Hylleholt Familiehus\",\"url\":\"https:\/\/hylleholtfamiliehus.net\/\",\"logo\":{\"@type\":\"ImageObject\",\"inLanguage\":\"en-US\",\"@id\":\"https:\/\/hylleholtfamiliehus.net\/#\/schema\/logo\/image\/\",\"url\":\"https:\/\/hylleholtfamiliehus.net\/wp-content\/uploads\/2025\/07\/hylleholt-logo-black.webp\",\"contentUrl\":\"https:\/\/hylleholtfamiliehus.net\/wp-content\/uploads\/2025\/07\/hylleholt-logo-black.webp\",\"width\":500,\"height\":523,\"caption\":\"Hylleholt Familiehus\"},\"image\":{\"@id\":\"https:\/\/hylleholtfamiliehus.net\/#\/schema\/logo\/image\/\"}}]}<\/script>\n<!-- \/ Yoast SEO plugin. -->","yoast_head_json":{"title":"Job - Hylleholt Familiehus","robots":{"index":"index","follow":"follow","max-snippet":"max-snippet:-1","max-image-preview":"max-image-preview:large","max-video-preview":"max-video-preview:-1"},"canonical":"https:\/\/hylleholtfamiliehus.net\/index.php\/job\/","og_locale":"en_US","og_type":"article","og_title":"Job - Hylleholt Familiehus","og_description":"Hos Hylleholt Familiehus er vi altid \u00e5bne for at h\u00f8re fra engagerede mennesker, der br\u00e6nder for at g\u00f8re en forskel. Uanset om du er p\u00e5 udkig efter en fast stilling, et vikariat eller blot er nysgerrig p\u00e5, hvordan det er at arbejde hos os, er du meget velkommen til at tage kontakt. Du beh\u00f8ver ikke [&hellip;]","og_url":"https:\/\/hylleholtfamiliehus.net\/index.php\/job\/","og_site_name":"Hylleholt Familiehus","article_modified_time":"2025-07-22T11:09:39+00:00","twitter_card":"summary_large_image","twitter_misc":{"Est. reading time":"5 minutes"},"schema":{"@context":"https:\/\/schema.org","@graph":[{"@type":"WebPage","@id":"https:\/\/hylleholtfamiliehus.net\/index.php\/job\/","url":"https:\/\/hylleholtfamiliehus.net\/index.php\/job\/","name":"Job - Hylleholt Familiehus","isPartOf":{"@id":"https:\/\/hylleholtfamiliehus.net\/#website"},"datePublished":"2025-07-15T08:44:24+00:00","dateModified":"2025-07-22T11:09:39+00:00","breadcrumb":{"@id":"https:\/\/hylleholtfamiliehus.net\/index.php\/job\/#breadcrumb"},"inLanguage":"en-US","potentialAction":[{"@type":"ReadAction","target":["https:\/\/hylleholtfamiliehus.net\/index.php\/job\/"]}]},{"@type":"BreadcrumbList","@id":"https:\/\/hylleholtfamiliehus.net\/index.php\/job\/#breadcrumb","itemListElement":[{"@type":"ListItem","position":1,"name":"Home","item":"https:\/\/hylleholtfamiliehus.net\/"},{"@type":"ListItem","position":2,"name":"Job"}]},{"@type":"WebSite","@id":"https:\/\/hylleholtfamiliehus.net\/#website","url":"https:\/\/hylleholtfamiliehus.net\/","name":"Hylleholt Familiehus","description":"","publisher":{"@id":"https:\/\/hylleholtfamiliehus.net\/#organization"},"potentialAction":[{"@type":"SearchAction","target":{"@type":"EntryPoint","urlTemplate":"https:\/\/hylleholtfamiliehus.net\/?s={search_term_string}"},"query-input":{"@type":"PropertyValueSpecification","valueRequired":true,"valueName":"search_term_string"}}],"inLanguage":"en-US"},{"@type":"Organization","@id":"https:\/\/hylleholtfamiliehus.net\/#organization","name":"Hylleholt Familiehus","url":"https:\/\/hylleholtfamiliehus.net\/","logo":{"@type":"ImageObject","inLanguage":"en-US","@id":"https:\/\/hylleholtfamiliehus.net\/#\/schema\/logo\/image\/","url":"https:\/\/hylleholtfamiliehus.net\/wp-content\/uploads\/2025\/07\/hylleholt-logo-black.webp","contentUrl":"https:\/\/hylleholtfamiliehus.net\/wp-content\/uploads\/2025\/07\/hylleholt-logo-black.webp","width":500,"height":523,"caption":"Hylleholt Familiehus"},"image":{"@id":"https:\/\/hylleholtfamiliehus.net\/#\/schema\/logo\/image\/"}}]}},"_links":{"self":[{"href":"https:\/\/hylleholtfamiliehus.net\/index.php\/wp-json\/wp\/v2\/pages\/476","targetHints":{"allow":["GET"]}}],"collection":[{"href":"https:\/\/hylleholtfamiliehus.net\/index.php\/wp-json\/wp\/v2\/pages"}],"about":[{"href":"https:\/\/hylleholtfamiliehus.net\/index.php\/wp-json\/wp\/v2\/types\/page"}],"author":[{"embeddable":true,"href":"https:\/\/hylleholtfamiliehus.net\/index.php\/wp-json\/wp\/v2\/users\/1"}],"replies":[{"embeddable":true,"href":"https:\/\/hylleholtfamiliehus.net\/index.php\/wp-json\/wp\/v2\/comments?post=476"}],"version-history":[{"count":19,"href":"https:\/\/hylleholtfamiliehus.net\/index.php\/wp-json\/wp\/v2\/pages\/476\/revisions"}],"predecessor-version":[{"id":766,"href":"https:\/\/hylleholtfamiliehus.net\/index.php\/wp-json\/wp\/v2\/pages\/476\/revisions\/766"}],"wp:attachment":[{"href":"https:\/\/hylleholtfamiliehus.net\/index.php\/wp-json\/wp\/v2\/media?parent=476"}],"curies":[{"name":"wp","href":"https:\/\/api.w.org\/{rel}","templated":true}]}}